{"id":144,"date":"2024-03-24T15:57:55","date_gmt":"2024-03-24T14:57:55","guid":{"rendered":"http:\/\/asab.local\/?page_id=144"},"modified":"2025-08-28T16:38:03","modified_gmt":"2025-08-28T14:38:03","slug":"comite-directeur","status":"publish","type":"page","link":"https:\/\/asab22.fr\/index.php\/comite-directeur\/","title":{"rendered":"Comit\u00e9 directeur"},"content":{"rendered":"<style>.kb-row-layout-id144_57dc46-80 > .kt-row-column-wrap{align-content:center;}:where(.kb-row-layout-id144_57dc46-80 > .kt-row-column-wrap) > .wp-block-kadence-column{justify-content:center;}.kb-row-layout-id144_57dc46-80 > .kt-row-column-wrap{column-gap:var(--global-kb-gap-md, 2rem);row-gap:var(--global-kb-gap-md, 2rem);max-width:1242px;margin-left:auto;margin-right:auto;padding-bottom:var(--global-kb-spacing-lg, 3rem);grid-template-columns:minmax(0, calc(24.8% - ((var(--global-kb-gap-md, 2rem) * 1 )\/2)))minmax(0, calc(75.2% - ((var(--global-kb-gap-md, 2rem) * 1 )\/2)));}.kb-row-layout-id144_57dc46-80 > .kt-row-layout-overlay{opacity:0.30;}@media all and (max-width: 1024px){.kb-row-layout-id144_57dc46-80 > .kt-row-column-wrap{grid-template-columns:repeat(2, minmax(0, 1fr));}}@media all and (max-width: 767px){.kb-row-layout-id144_57dc46-80 > .kt-row-column-wrap{grid-template-columns:minmax(0, 1fr);}.kb-row-layout-id144_57dc46-80{display:none !important;}}<\/style><div class=\"kb-row-layout-wrap kb-row-layout-id144_57dc46-80 alignfull kb-v-sm-hidden has-theme-palette9-background-color kt-row-has-bg wp-block-kadence-rowlayout\"><div class=\"kt-row-column-wrap kt-has-2-columns kt-row-layout-equal kt-tab-layout-inherit kt-mobile-layout-row kt-row-valign-middle\">\n<style>.kadence-column144_7c3d94-38, .kt-inside-inner-col > .kadence-column144_7c3d94-38:not(.specificity){margin-right:30px;}.kadence-column144_7c3d94-38 > .kt-inside-inner-col,.kadence-column144_7c3d94-38 > .kt-inside-inner-col:before{border-top-left-radius:0px;border-top-right-radius:0px;border-bottom-right-radius:0px;border-bottom-left-radius:0px;}.kadence-column144_7c3d94-38 > .kt-inside-inner-col{column-gap:var(--global-kb-gap-sm, 1rem);}.kadence-column144_7c3d94-38 > .kt-inside-inner-col{flex-direction:column;}.kadence-column144_7c3d94-38 > .kt-inside-inner-col > .aligncenter{width:100%;}.kadence-column144_7c3d94-38 > .kt-inside-inner-col:before{opacity:0.3;}.kadence-column144_7c3d94-38{position:relative;}@media all and (max-width: 1024px){.kadence-column144_7c3d94-38, .kt-inside-inner-col > .kadence-column144_7c3d94-38:not(.specificity){margin-right:1px;}}@media all and (max-width: 1024px){.kadence-column144_7c3d94-38 > .kt-inside-inner-col{flex-direction:column;}}@media all and (max-width: 767px){.kadence-column144_7c3d94-38, .kt-inside-inner-col > .kadence-column144_7c3d94-38:not(.specificity){margin-right:1px;}.kadence-column144_7c3d94-38 > .kt-inside-inner-col{padding-right:20px;padding-left:20px;flex-direction:column;}}<\/style>\n<div class=\"wp-block-kadence-column kadence-column144_7c3d94-38 kvs-sm-false inner-column-1\"><div class=\"kt-inside-inner-col\"><style>.kb-image144_6037bf-e1.kb-image-is-ratio-size, .kb-image144_6037bf-e1 .kb-image-is-ratio-size{max-width:100px;width:100%;}.wp-block-kadence-column > .kt-inside-inner-col > .kb-image144_6037bf-e1.kb-image-is-ratio-size, .wp-block-kadence-column > .kt-inside-inner-col > .kb-image144_6037bf-e1 .kb-image-is-ratio-size{align-self:unset;}.kb-image144_6037bf-e1 figure{max-width:100px;}.kb-image144_6037bf-e1 .image-is-svg, .kb-image144_6037bf-e1 .image-is-svg img{width:100%;}.kb-image144_6037bf-e1 .kb-image-has-overlay:after{opacity:0.3;}<\/style>\n<div class=\"wp-block-kadence-image kb-image144_6037bf-e1\"><figure class=\"alignright kb-filter-mayfair kb-image-is-ratio-size\"><div class=\"kb-is-ratio-image kb-image-ratio-square\"><img loading=\"lazy\" decoding=\"async\" width=\"512\" height=\"512\" data-src=\"http:\/\/klcucgf.cluster023.hosting.ovh.net\/wp-content\/uploads\/2024\/07\/public.png\" alt=\"\" class=\"kb-img wp-image-574 lazyload\" data-srcset=\"https:\/\/asab22.fr\/wp-content\/uploads\/2024\/07\/public.png 512w, https:\/\/asab22.fr\/wp-content\/uploads\/2024\/07\/public-300x300.png 300w, https:\/\/asab22.fr\/wp-content\/uploads\/2024\/07\/public-150x150.png 150w\" data-sizes=\"auto, (max-width: 512px) 100vw, 512px\" src=\"data:image\/gif;base64,R0lGODlhAQABAAAAACH5BAEKAAEALAAAAAABAAEAAAICTAEAOw==\" style=\"--smush-placeholder-width: 512px; --smush-placeholder-aspect-ratio: 512\/512;\" \/><noscript><img loading=\"lazy\" decoding=\"async\" width=\"512\" height=\"512\" src=\"http:\/\/klcucgf.cluster023.hosting.ovh.net\/wp-content\/uploads\/2024\/07\/public.png\" alt=\"\" class=\"kb-img wp-image-574\" srcset=\"https:\/\/asab22.fr\/wp-content\/uploads\/2024\/07\/public.png 512w, https:\/\/asab22.fr\/wp-content\/uploads\/2024\/07\/public-300x300.png 300w, https:\/\/asab22.fr\/wp-content\/uploads\/2024\/07\/public-150x150.png 150w\" sizes=\"auto, (max-width: 512px) 100vw, 512px\" \/><\/noscript><\/div><\/figure><\/div>\n<\/div><\/div>\n\n\n<style>.kadence-column144_b50997-19, .kt-inside-inner-col > .kadence-column144_b50997-19:not(.specificity){margin-left:40px;}.kadence-column144_b50997-19 > .kt-inside-inner-col,.kadence-column144_b50997-19 > .kt-inside-inner-col:before{border-top-left-radius:0px;border-top-right-radius:0px;border-bottom-right-radius:0px;border-bottom-left-radius:0px;}.kadence-column144_b50997-19 > .kt-inside-inner-col{column-gap:var(--global-kb-gap-sm, 1rem);}.kadence-column144_b50997-19 > .kt-inside-inner-col{flex-direction:column;}.kadence-column144_b50997-19 > .kt-inside-inner-col > .aligncenter{width:100%;}.kadence-column144_b50997-19 > .kt-inside-inner-col:before{opacity:0.3;}.kadence-column144_b50997-19{position:relative;}@media all and (max-width: 1024px){.kadence-column144_b50997-19 > .kt-inside-inner-col{flex-direction:column;}}@media all and (max-width: 767px){.kadence-column144_b50997-19 > .kt-inside-inner-col{flex-direction:column;}}<\/style>\n<div class=\"wp-block-kadence-column kadence-column144_b50997-19 kvs-sm-false inner-column-2\"><div class=\"kt-inside-inner-col\"><style>.wp-block-kadence-iconlist.kt-svg-icon-list-items144_8e35ed-a6:not(.this-stops-third-party-issues){margin-top:0px;margin-bottom:0px;}.wp-block-kadence-iconlist.kt-svg-icon-list-items144_8e35ed-a6 ul.kt-svg-icon-list:not(.this-prevents-issues):not(.this-stops-third-party-issues):not(.tijsloc){margin-top:0px;margin-right:0px;margin-bottom:var(--global-kb-spacing-sm, 1.5rem);margin-left:0px;}.wp-block-kadence-iconlist.kt-svg-icon-list-items144_8e35ed-a6 ul.kt-svg-icon-list{grid-row-gap:5px;}.wp-block-kadence-iconlist.kt-svg-icon-list-items144_8e35ed-a6 ul.kt-svg-icon-list .kt-svg-icon-list-item-wrap .kt-svg-icon-list-single{margin-right:10px;}.kt-svg-icon-list-items144_8e35ed-a6 ul.kt-svg-icon-list .kt-svg-icon-list-level-0 .kt-svg-icon-list-single svg{font-size:20px;}<\/style>\n<div class=\"wp-block-kadence-iconlist kt-svg-icon-list-items kt-svg-icon-list-items144_8e35ed-a6 kt-svg-icon-list-columns-1 alignnone\"><ul class=\"kt-svg-icon-list\">\n<li class=\"wp-block-kadence-listitem kt-svg-icon-list-item-wrap kt-svg-icon-list-item-144_5e9d84-06\"><div class=\"kt-svg-icon-list-single\" style=\"display: inline-flex; justify-content: center; align-items: center;\"><svg viewBox=\"0 0 24 24\" height=\"1em\" width=\"1em\" fill=\"none\" stroke=\"currentColor\" xmlns=\"http:\/\/www.w3.org\/2000\/svg\" style=\"display: inline-block; vertical-align: middle;\"><\/svg><\/div><span class=\"kt-svg-icon-list-text\"><\/span><\/li>\n<\/ul><\/div>\n\n\n\n<figure class=\"wp-block-table is-style-regular\" style=\"padding-top:0;padding-bottom:0\"><table class=\"has-theme-palette-9-background-color has-background\"><tbody><tr><td><strong>Pr\u00e9sidence<\/strong><br><br><br><strong>Tr\u00e9sorerie<\/strong><br><br><strong>Secr\u00e9tariat<\/strong><br><br><br><strong>Membres<\/strong><br><br><br><br><br><br><\/td><td><strong>Pr\u00e9sidente <\/strong>: V\u00e9ronique VIESTE<br><strong><br>Tr\u00e9sori\u00e8re <\/strong>: Fran\u00e7oise LE ROUX<br><br><strong>Secr\u00e9taire <\/strong>: Jean-Louis CLERET<br><br><br>Patrick RUSCICA<br>Marianne RIBARDIERES<br>Soizick LE HESRAN<br>Franck CALVEZ<br>Roselyne TERTRE<br>Fanny BRIENS<br>Gwena\u00eblle GUICHARD<br>Anouk LE TOUX <br>Ma\u00ebl LESOUEF-LOYEN<br>Cl\u00e9ment LE HESRAN <br>Yves HERNOT<br>ANDRE Rachel<\/td><\/tr><\/tbody><\/table><\/figure>\n\n\n\n<div class=\"wp-block-file alignleft\"><a id=\"wp-block-file--media-1e802d5a-fa10-40ec-90ff-c30c8b4ef5fd\" href=\"https:\/\/asab22.fr\/wp-content\/uploads\/2024\/07\/ASAB-STATUTS-2018-modifies.pdf\">ASAB STATUTS 2018 modifi\u00e9s<\/a><a href=\"https:\/\/asab22.fr\/wp-content\/uploads\/2024\/07\/ASAB-STATUTS-2018-modifies.pdf\" class=\"wp-block-file__button wp-element-button\" download aria-describedby=\"wp-block-file--media-1e802d5a-fa10-40ec-90ff-c30c8b4ef5fd\">T\u00e9l\u00e9charger<\/a><\/div>\n<\/div><\/div>\n\n<\/div><\/div>\n\n<style>.kb-row-layout-id144_4b5ecb-b1 > .kt-row-column-wrap{align-content:center;}:where(.kb-row-layout-id144_4b5ecb-b1 > .kt-row-column-wrap) > .wp-block-kadence-column{justify-content:center;}.kb-row-layout-id144_4b5ecb-b1 > .kt-row-column-wrap{column-gap:var(--global-kb-gap-md, 2rem);row-gap:var(--global-kb-gap-md, 2rem);max-width:1242px;margin-left:auto;margin-right:auto;padding-bottom:var(--global-kb-spacing-lg, 3rem);grid-template-columns:minmax(0, calc(49% - ((var(--global-kb-gap-md, 2rem) * 1 )\/2)))minmax(0, calc(51% - ((var(--global-kb-gap-md, 2rem) * 1 )\/2)));}.kb-row-layout-id144_4b5ecb-b1 > .kt-row-layout-overlay{opacity:0.30;}@media all and (min-width: 1025px){.kb-row-layout-id144_4b5ecb-b1{display:none !important;}}@media all and (max-width: 1024px){.kb-row-layout-id144_4b5ecb-b1 > .kt-row-column-wrap{grid-template-columns:repeat(2, minmax(0, 1fr));}}@media all and (min-width: 768px) and (max-width: 1024px){.kb-row-layout-id144_4b5ecb-b1{display:none !important;}}@media all and (max-width: 767px){.kb-row-layout-id144_4b5ecb-b1 > .kt-row-column-wrap{grid-template-columns:minmax(0, 1fr);}}<\/style><div class=\"kb-row-layout-wrap kb-row-layout-id144_4b5ecb-b1 alignfull kb-v-lg-hidden kb-v-md-hidden has-theme-palette9-background-color kt-row-has-bg wp-block-kadence-rowlayout\"><div class=\"kt-row-column-wrap kt-has-2-columns kt-row-layout-equal kt-tab-layout-inherit kt-mobile-layout-row kt-row-valign-middle\">\n<style>.kadence-column144_e5c526-2d > .kt-inside-inner-col,.kadence-column144_e5c526-2d > .kt-inside-inner-col:before{border-top-left-radius:0px;border-top-right-radius:0px;border-bottom-right-radius:0px;border-bottom-left-radius:0px;}.kadence-column144_e5c526-2d > .kt-inside-inner-col{column-gap:var(--global-kb-gap-sm, 1rem);}.kadence-column144_e5c526-2d > .kt-inside-inner-col{flex-direction:column;}.kadence-column144_e5c526-2d > .kt-inside-inner-col > .aligncenter{width:100%;}.kadence-column144_e5c526-2d > .kt-inside-inner-col:before{opacity:0.3;}.kadence-column144_e5c526-2d{position:relative;}@media all and (max-width: 1024px){.kadence-column144_e5c526-2d > .kt-inside-inner-col{flex-direction:column;}}@media all and (max-width: 767px){.kadence-column144_e5c526-2d > .kt-inside-inner-col{flex-direction:column;}}<\/style>\n<div class=\"wp-block-kadence-column kadence-column144_e5c526-2d\"><div class=\"kt-inside-inner-col\">\n<figure class=\"wp-block-table is-style-regular\" style=\"padding-top:0;padding-bottom:0\"><table class=\"has-theme-palette-9-background-color has-background\"><tbody><tr><td><strong>Pr\u00e9sidente <\/strong>: V\u00e9ronique VIESTE<br><strong><br>Tr\u00e9sori\u00e8re <\/strong>: Fran\u00e7oise LEROUX<br><br><strong>Secr\u00e9taire <\/strong>: Jean-Louis CLERET<br><br><strong>Membres<\/strong><br>Nicolas LE MOIGNE<br>Patrick RUSCICA<br>Marianne RIBARDIERES<br>Soizick LE HESRAN<br>Franck CALVEZ<br>Roselyne TERTRE<br>Fanny BRIENS<br>Gwena\u00eblle GUICHARD<\/td><\/tr><\/tbody><\/table><\/figure>\n\n\n<style>.kadence-column144_15fdb9-42, .kt-inside-inner-col > .kadence-column144_15fdb9-42:not(.specificity){margin-left:40px;}.kadence-column144_15fdb9-42 > .kt-inside-inner-col,.kadence-column144_15fdb9-42 > .kt-inside-inner-col:before{border-top-left-radius:0px;border-top-right-radius:0px;border-bottom-right-radius:0px;border-bottom-left-radius:0px;}.kadence-column144_15fdb9-42 > .kt-inside-inner-col{column-gap:var(--global-kb-gap-sm, 1rem);}.kadence-column144_15fdb9-42 > .kt-inside-inner-col{flex-direction:column;}.kadence-column144_15fdb9-42 > .kt-inside-inner-col > .aligncenter{width:100%;}.kadence-column144_15fdb9-42 > .kt-inside-inner-col:before{opacity:0.3;}.kadence-column144_15fdb9-42{position:relative;}@media all and (max-width: 1024px){.kadence-column144_15fdb9-42 > .kt-inside-inner-col{flex-direction:column;}}@media all and (max-width: 767px){.kadence-column144_15fdb9-42 > .kt-inside-inner-col{flex-direction:column;}}<\/style>\n<div class=\"wp-block-kadence-column kadence-column144_15fdb9-42 kvs-lg-false kvs-md-false inner-column-2\"><div class=\"kt-inside-inner-col\"><style>.wp-block-kadence-iconlist.kt-svg-icon-list-items144_34a9a8-ce:not(.this-stops-third-party-issues){margin-top:0px;margin-bottom:0px;}.wp-block-kadence-iconlist.kt-svg-icon-list-items144_34a9a8-ce ul.kt-svg-icon-list:not(.this-prevents-issues):not(.this-stops-third-party-issues):not(.tijsloc){margin-top:0px;margin-right:0px;margin-bottom:var(--global-kb-spacing-sm, 1.5rem);margin-left:0px;}.wp-block-kadence-iconlist.kt-svg-icon-list-items144_34a9a8-ce ul.kt-svg-icon-list{grid-row-gap:5px;}.wp-block-kadence-iconlist.kt-svg-icon-list-items144_34a9a8-ce ul.kt-svg-icon-list .kt-svg-icon-list-item-wrap .kt-svg-icon-list-single{margin-right:10px;}.kt-svg-icon-list-items144_34a9a8-ce ul.kt-svg-icon-list .kt-svg-icon-list-level-0 .kt-svg-icon-list-single svg{font-size:20px;}<\/style>\n<div class=\"wp-block-kadence-iconlist kt-svg-icon-list-items kt-svg-icon-list-items144_34a9a8-ce kt-svg-icon-list-columns-1 alignnone\"><ul class=\"kt-svg-icon-list\">\n<li class=\"wp-block-kadence-listitem kt-svg-icon-list-item-wrap kt-svg-icon-list-item-144_56c3ee-6c\"><div class=\"kt-svg-icon-list-single\" style=\"display: inline-flex; justify-content: center; align-items: center;\"><svg viewBox=\"0 0 24 24\" height=\"1em\" width=\"1em\" fill=\"none\" stroke=\"currentColor\" xmlns=\"http:\/\/www.w3.org\/2000\/svg\" style=\"display: inline-block; vertical-align: middle;\"><\/svg><\/div><span class=\"kt-svg-icon-list-text\"><\/span><\/li>\n<\/ul><\/div>\n\n\n\n<div class=\"wp-block-file alignleft\"><a id=\"wp-block-file--media-11ae555e-c647-495e-8128-e9ccb7dc70e9\" href=\"https:\/\/asab22.fr\/wp-content\/uploads\/2024\/07\/ASAB-STATUTS-2018-modifies-1.pdf\" target=\"_blank\" rel=\"noreferrer noopener\">ASAB STATUTS 2018 modifi\u00e9s<\/a><\/div>\n\n\n\n<div class=\"wp-block-file alignleft\"><a id=\"wp-block-file--media-2a72f1c6-8460-46ff-84cb-d062f5bc7c19\" href=\"https:\/\/asab22.fr\/wp-content\/uploads\/2024\/07\/Reglement-interieur-ASAB-1.pdf\" target=\"_blank\" rel=\"noreferrer noopener\">R\u00e8glement int\u00e9rieur ASAB<\/a><\/div>\n<\/div><\/div>\n<\/div><\/div>\n\n\n<style>.kadence-column144_cad7a9-e4 > .kt-inside-inner-col,.kadence-column144_cad7a9-e4 > .kt-inside-inner-col:before{border-top-left-radius:0px;border-top-right-radius:0px;border-bottom-right-radius:0px;border-bottom-left-radius:0px;}.kadence-column144_cad7a9-e4 > .kt-inside-inner-col{column-gap:var(--global-kb-gap-sm, 1rem);}.kadence-column144_cad7a9-e4 > .kt-inside-inner-col{flex-direction:column;}.kadence-column144_cad7a9-e4 > .kt-inside-inner-col > .aligncenter{width:100%;}.kadence-column144_cad7a9-e4 > .kt-inside-inner-col:before{opacity:0.3;}.kadence-column144_cad7a9-e4{position:relative;}@media all and (max-width: 1024px){.kadence-column144_cad7a9-e4 > .kt-inside-inner-col{flex-direction:column;}}@media all and (max-width: 767px){.kadence-column144_cad7a9-e4 > .kt-inside-inner-col{flex-direction:column;}}<\/style>\n<div class=\"wp-block-kadence-column kadence-column144_cad7a9-e4\"><div class=\"kt-inside-inner-col\"><\/div><\/div>\n\n<\/div><\/div>\n\n\n<p><\/p>\n","protected":false},"excerpt":{"rendered":"<p>Pr\u00e9sidence Tr\u00e9sorerie Secr\u00e9tariat Membres Pr\u00e9sidente : V\u00e9ronique VIESTETr\u00e9sori\u00e8re : Fran\u00e7oise LE ROUX Secr\u00e9taire : Jean-Louis CLERET Patrick RUSCICAMarianne RIBARDIERESSoizick LE HESRANFranck CALVEZRoselyne TERTREFanny BRIENSGwena\u00eblle GUICHARDAnouk LE TOUX Ma\u00ebl LESOUEF-LOYENCl\u00e9ment LE HESRAN Yves HERNOTANDRE Rachel Pr\u00e9sidente : V\u00e9ronique VIESTETr\u00e9sori\u00e8re : Fran\u00e7oise LEROUX Secr\u00e9taire : Jean-Louis CLERET MembresNicolas LE MOIGNEPatrick RUSCICAMarianne RIBARDIERESSoizick LE HESRANFranck CALVEZRoselyne TERTREFanny BRIENSGwena\u00eblle&#8230;<\/p>\n","protected":false},"author":1,"featured_media":0,"parent":0,"menu_order":0,"comment_status":"closed","ping_status":"closed","template":"","meta":{"_uag_custom_page_level_css":"","_themeisle_gutenberg_block_has_review":false,"_kad_post_transparent":"disable","_kad_post_title":"hide","_kad_post_layout":"","_kad_post_sidebar_id":"","_kad_post_content_style":"default","_kad_post_vertical_padding":"bottom","_kad_post_feature":"","_kad_post_feature_position":"","_kad_post_header":false,"_kad_post_footer":false,"footnotes":""},"class_list":["post-144","page","type-page","status-publish","hentry"],"uagb_featured_image_src":{"full":false,"thumbnail":false,"medium":false,"medium_large":false,"large":false,"1536x1536":false,"2048x2048":false},"uagb_author_info":{"display_name":"admin9609","author_link":"https:\/\/asab22.fr\/index.php\/author\/admin9609\/"},"uagb_comment_info":0,"uagb_excerpt":"Pr\u00e9sidence Tr\u00e9sorerie Secr\u00e9tariat Membres Pr\u00e9sidente : V\u00e9ronique VIESTETr\u00e9sori\u00e8re : Fran\u00e7oise LE ROUX Secr\u00e9taire : Jean-Louis CLERET Patrick RUSCICAMarianne RIBARDIERESSoizick LE HESRANFranck CALVEZRoselyne TERTREFanny BRIENSGwena\u00eblle GUICHARDAnouk LE TOUX Ma\u00ebl LESOUEF-LOYENCl\u00e9ment LE HESRAN Yves HERNOTANDRE Rachel Pr\u00e9sidente : V\u00e9ronique VIESTETr\u00e9sori\u00e8re : Fran\u00e7oise LEROUX Secr\u00e9taire : Jean-Louis CLERET MembresNicolas LE MOIGNEPatrick RUSCICAMarianne RIBARDIERESSoizick LE HESRANFranck CALVEZRoselyne TERTREFanny BRIENSGwena\u00eblle...","_links":{"self":[{"href":"https:\/\/asab22.fr\/index.php\/wp-json\/wp\/v2\/pages\/144","targetHints":{"allow":["GET"]}}],"collection":[{"href":"https:\/\/asab22.fr\/index.php\/wp-json\/wp\/v2\/pages"}],"about":[{"href":"https:\/\/asab22.fr\/index.php\/wp-json\/wp\/v2\/types\/page"}],"author":[{"embeddable":true,"href":"https:\/\/asab22.fr\/index.php\/wp-json\/wp\/v2\/users\/1"}],"replies":[{"embeddable":true,"href":"https:\/\/asab22.fr\/index.php\/wp-json\/wp\/v2\/comments?post=144"}],"version-history":[{"count":18,"href":"https:\/\/asab22.fr\/index.php\/wp-json\/wp\/v2\/pages\/144\/revisions"}],"predecessor-version":[{"id":1817,"href":"https:\/\/asab22.fr\/index.php\/wp-json\/wp\/v2\/pages\/144\/revisions\/1817"}],"wp:attachment":[{"href":"https:\/\/asab22.fr\/index.php\/wp-json\/wp\/v2\/media?parent=144"}],"curies":[{"name":"wp","href":"https:\/\/api.w.org\/{rel}","templated":true}]}}